{"id":1855,"date":"2024-04-23T18:47:57","date_gmt":"2024-04-23T16:47:57","guid":{"rendered":"https:\/\/centromedicomontgat.com\/?page_id=1855"},"modified":"2024-05-24T11:11:48","modified_gmt":"2024-05-24T09:11:48","slug":"inicio","status":"publish","type":"page","link":"https:\/\/centromedicomontgat.com\/ca\/","title":{"rendered":"Inici"},"content":{"rendered":"<div data-elementor-type=\"wp-page\" data-elementor-id=\"1855\" class=\"elementor elementor-1855\" data-elementor-post-type=\"page\">\n\t\t\t\t<div class=\"elementor-element elementor-element-fqjy9we e-con-full e-flex elementor-invisible e-con e-parent\" data-id=\"fqjy9we\" data-element_type=\"container\" data-settings=\"{&quot;background_background&quot;:&quot;classic&quot;,&quot;animation&quot;:&quot;fadeIn&quot;}\">\n\t\t<div class=\"elementor-element elementor-element-0c73a23 e-con-full e-flex e-con e-child\" data-id=\"0c73a23\" data-element_type=\"container\">\n\t\t\t\t<div class=\"elementor-element elementor-element-e3ee3a0 elementor-widget elementor-widget-heading\" data-id=\"e3ee3a0\" data-element_type=\"widget\" data-widget_type=\"heading.default\">\n\t\t\t\t<div class=\"elementor-widget-container\">\n\t\t\t\t\t<h1 class=\"elementor-heading-title elementor-size-default\">Centre m\u00e8dic Montgat<\/h1>\t\t\t\t<\/div>\n\t\t\t\t<\/div>\n\t\t\t\t<div class=\"elementor-element elementor-element-34de5d7 elementor-widget elementor-widget-heading\" data-id=\"34de5d7\" data-element_type=\"widget\" data-widget_type=\"heading.default\">\n\t\t\t\t<div class=\"elementor-widget-container\">\n\t\t\t\t\t<h4 class=\"elementor-heading-title elementor-size-default\">Hem de tenir cura de la seva salut de manera integral amb els diagn\u00f2stics i els tractaments s\u00f3n complet i personalitzat per aconseguir la millor versi\u00f3 de tu mateix. \n\n<\/h4>\t\t\t\t<\/div>\n\t\t\t\t<\/div>\n\t\t\t\t<\/div>\n\t\t\t\t<\/div>\n\t\t<div class=\"elementor-element elementor-element-aq2pvkq e-flex e-con-boxed elementor-invisible e-con e-parent\" data-id=\"aq2pvkq\" data-element_type=\"container\" data-settings=\"{&quot;background_background&quot;:&quot;classic&quot;,&quot;animation&quot;:&quot;fadeInLeft&quot;}\">\n\t\t\t\t\t<div class=\"e-con-inner\">\n\t\t<div class=\"elementor-element elementor-element-56a4564 e-con-full e-flex e-con e-child\" data-id=\"56a4564\" data-element_type=\"container\">\n\t\t\t\t<div class=\"elementor-element elementor-element-50d6336 elementor-widget elementor-widget-heading\" data-id=\"50d6336\" data-element_type=\"widget\" data-widget_type=\"heading.default\">\n\t\t\t\t<div class=\"elementor-widget-container\">\n\t\t\t\t\t<h3 class=\"elementor-heading-title elementor-size-default\">El nostre objectiu<\/h3>\t\t\t\t<\/div>\n\t\t\t\t<\/div>\n\t\t\t\t<div class=\"elementor-element elementor-element-9308ff2 elementor-widget elementor-widget-text-editor\" data-id=\"9308ff2\" data-element_type=\"widget\" data-widget_type=\"text-editor.default\">\n\t\t\t\t<div class=\"elementor-widget-container\">\n\t\t\t\t\t\t\t\t\t<p>\u00c9s proporcionar una atenci\u00f3 integral de la salut, centrant-se en les seves necessitats individuals i pensat per apropar-vos a la seva major potencial per al benestar.<\/p><p>\u00a0<\/p>\t\t\t\t\t\t\t\t<\/div>\n\t\t\t\t<\/div>\n\t\t\t\t<\/div>\n\t\t<div class=\"elementor-element elementor-element-dffccf7 e-con-full e-flex e-con e-child\" data-id=\"dffccf7\" data-element_type=\"container\" data-settings=\"{&quot;background_background&quot;:&quot;classic&quot;}\">\n\t\t\t\t<\/div>\n\t\t\t\t\t<\/div>\n\t\t\t\t<\/div>\n\t\t<div class=\"elementor-element elementor-element-ufitr4u e-flex e-con-boxed elementor-invisible e-con e-parent\" data-id=\"ufitr4u\" data-element_type=\"container\" data-settings=\"{&quot;animation&quot;:&quot;fadeInRight&quot;}\">\n\t\t\t\t\t<div class=\"e-con-inner\">\n\t\t<div class=\"elementor-element elementor-element-6880e43 e-con-full e-flex e-con e-child\" data-id=\"6880e43\" data-element_type=\"container\">\n\t\t\t\t<div class=\"elementor-element elementor-element-f51149a elementor-widget elementor-widget-image\" data-id=\"f51149a\" data-element_type=\"widget\" data-widget_type=\"image.default\">\n\t\t\t\t<div class=\"elementor-widget-container\">\n\t\t\t\t\t\t\t\t\t\t\t\t\t\t\t<img fetchpriority=\"high\" decoding=\"async\" width=\"768\" height=\"1024\" src=\"https:\/\/centromedicomontgat.com\/wp-content\/uploads\/2024\/05\/a0c0d6d2-46ee-415b-85a1-bf7fb0160b86-768x1024.jpg\" class=\"attachment-medium_large size-medium_large wp-image-2140\" alt=\"\" srcset=\"https:\/\/centromedicomontgat.com\/wp-content\/uploads\/2024\/05\/a0c0d6d2-46ee-415b-85a1-bf7fb0160b86-768x1024.jpg 768w, https:\/\/centromedicomontgat.com\/wp-content\/uploads\/2024\/05\/a0c0d6d2-46ee-415b-85a1-bf7fb0160b86-225x300.jpg 225w, https:\/\/centromedicomontgat.com\/wp-content\/uploads\/2024\/05\/a0c0d6d2-46ee-415b-85a1-bf7fb0160b86-1152x1536.jpg 1152w, https:\/\/centromedicomontgat.com\/wp-content\/uploads\/2024\/05\/a0c0d6d2-46ee-415b-85a1-bf7fb0160b86.jpg 1536w\" sizes=\"(max-width: 768px) 100vw, 768px\" \/>\t\t\t\t\t\t\t\t\t\t\t\t\t\t\t<\/div>\n\t\t\t\t<\/div>\n\t\t\t\t<\/div>\n\t\t<div class=\"elementor-element elementor-element-1d599f0 e-con-full e-flex e-con e-child\" data-id=\"1d599f0\" data-element_type=\"container\">\n\t\t\t\t<div class=\"elementor-element elementor-element-8f2af4c elementor-widget elementor-widget-heading\" data-id=\"8f2af4c\" data-element_type=\"widget\" data-widget_type=\"heading.default\">\n\t\t\t\t<div class=\"elementor-widget-container\">\n\t\t\t\t\t<h3 class=\"elementor-heading-title elementor-size-default\">La nostra filosofia<\/h3>\t\t\t\t<\/div>\n\t\t\t\t<\/div>\n\t\t\t\t<div class=\"elementor-element elementor-element-0701632 elementor-widget elementor-widget-text-editor\" data-id=\"0701632\" data-element_type=\"widget\" data-widget_type=\"text-editor.default\">\n\t\t\t\t<div class=\"elementor-widget-container\">\n\t\t\t\t\t\t\t\t\t<p class=\"body\" dir=\"auto\" data-pm-slice=\"1 1 []\">Es basa en la creen\u00e7a que la salut no \u00e9s solament l&#039;abs\u00e8ncia de malaltia, sin\u00f3 un estat de complet benestar f\u00edsic, mental i emocional. Per aquest motiu, ens esforcem per proporcionar un assistencial global i multidisciplinar, que inclou tots els aspectes de la seva salut, de la prevenci\u00f3 i el diagn\u00f2stic al tractament i continuat de seguiment.<\/p>\t\t\t\t\t\t\t\t<\/div>\n\t\t\t\t<\/div>\n\t\t\t\t<\/div>\n\t\t\t\t\t<\/div>\n\t\t\t\t<\/div>\n\t\t<div class=\"elementor-element elementor-element-zle09li e-flex e-con-boxed elementor-invisible e-con e-parent\" data-id=\"zle09li\" data-element_type=\"container\" data-settings=\"{&quot;background_background&quot;:&quot;classic&quot;,&quot;animation&quot;:&quot;fadeIn&quot;}\">\n\t\t\t\t\t<div class=\"e-con-inner\">\n\t\t<div class=\"elementor-element elementor-element-db992c8 e-con-full e-flex e-con e-child\" data-id=\"db992c8\" data-element_type=\"container\">\n\t\t\t\t<div class=\"elementor-element elementor-element-291d47f elementor-widget__width-initial elementor-widget elementor-widget-text-editor\" data-id=\"291d47f\" data-element_type=\"widget\" data-widget_type=\"text-editor.default\">\n\t\t\t\t<div class=\"elementor-widget-container\">\n\t\t\t\t\t\t\t\t\t<p>Ens comprometem a donar-li una atenci\u00f3 especial i accessible, centrant-se en l&#039;establiment d&#039;una relaci\u00f3 de confian\u00e7a i l&#039;empatia amb vost\u00e8. Entenem que cada persona \u00e9s \u00fanica, amb els seus propis objectius, preocupacions i reptes de la salut, de manera que ens esforcem per adaptar els nostres serveis per satisfer les seves necessitats i ajudar-lo a assolir els seus objectius de salut.<\/p><p>\u00a0<\/p>\t\t\t\t\t\t\t\t<\/div>\n\t\t\t\t<\/div>\n\t\t\t\t<\/div>\n\t\t\t\t\t<\/div>\n\t\t\t\t<\/div>\n\t\t<div class=\"elementor-element elementor-element-c17a800 e-flex e-con-boxed e-con e-parent\" data-id=\"c17a800\" data-element_type=\"container\" data-settings=\"{&quot;background_background&quot;:&quot;classic&quot;}\">\n\t\t\t\t\t<div class=\"e-con-inner\">\n\t\t<div class=\"elementor-element elementor-element-adc60da e-con-full e-flex e-con e-child\" data-id=\"adc60da\" data-element_type=\"container\">\n\t\t\t\t<div class=\"elementor-element elementor-element-c81bc14 elementor-widget elementor-widget-heading\" data-id=\"c81bc14\" data-element_type=\"widget\" data-widget_type=\"heading.default\">\n\t\t\t\t<div class=\"elementor-widget-container\">\n\t\t\t\t\t<h2 class=\"elementor-heading-title elementor-size-default\">Necessites ajuda?<\/h2>\t\t\t\t<\/div>\n\t\t\t\t<\/div>\n\t\t\t\t<div class=\"elementor-element elementor-element-f0d8ff2 elementor-widget elementor-widget-text-editor\" data-id=\"f0d8ff2\" data-element_type=\"widget\" data-widget_type=\"text-editor.default\">\n\t\t\t\t<div class=\"elementor-widget-container\">\n\t\t\t\t\t\t\t\t\t<p>Si teniu qualsevol pregunta, estem sempre disponibles per a parlar de les seves preocupacions. No dubteu a contactar amb nosaltres per a que podem oferir la nostra ajuda.<\/p>\t\t\t\t\t\t\t\t<\/div>\n\t\t\t\t<\/div>\n\t\t\t\t<div class=\"elementor-element elementor-element-ccbec9e elementor-align-center elementor-widget elementor-widget-button\" data-id=\"ccbec9e\" data-element_type=\"widget\" data-widget_type=\"button.default\">\n\t\t\t\t<div class=\"elementor-widget-container\">\n\t\t\t\t\t\t\t\t\t<div class=\"elementor-button-wrapper\">\n\t\t\t\t\t<a class=\"elementor-button elementor-button-link elementor-size-sm\" href=\"https:\/\/centromedicomontgat.com\/ca\/contacto\/\">\n\t\t\t\t\t\t<span class=\"elementor-button-content-wrapper\">\n\t\t\t\t\t\t\t\t\t<span class=\"elementor-button-text\">CONTACTE<\/span>\n\t\t\t\t\t<\/span>\n\t\t\t\t\t<\/a>\n\t\t\t\t<\/div>\n\t\t\t\t\t\t\t\t<\/div>\n\t\t\t\t<\/div>\n\t\t\t\t<\/div>\n\t\t\t\t\t<\/div>\n\t\t\t\t<\/div>\n\t\t<div class=\"elementor-element elementor-element-8ae049f e-flex e-con-boxed elementor-invisible e-con e-parent\" data-id=\"8ae049f\" data-element_type=\"container\" data-settings=\"{&quot;animation&quot;:&quot;zoomIn&quot;}\">\n\t\t\t\t\t<div class=\"e-con-inner\">\n\t\t\t\t<div class=\"elementor-element elementor-element-111b742 elementor-widget elementor-widget-heading\" data-id=\"111b742\" data-element_type=\"widget\" data-widget_type=\"heading.default\">\n\t\t\t\t<div class=\"elementor-widget-container\">\n\t\t\t\t\t<h3 class=\"elementor-heading-title elementor-size-default\">Benvinguts al Centre M\u00e8dic, la Versi\u00f3,l&#039;\n\non la teva salut i el benestar s\u00f3n la nostra prioritat n\u00famero u!<\/h3>\t\t\t\t<\/div>\n\t\t\t\t<\/div>\n\t\t\t\t\t<\/div>\n\t\t\t\t<\/div>\n\t\t<div class=\"elementor-element elementor-element-f275a61 e-flex e-con-boxed e-con e-parent\" data-id=\"f275a61\" data-element_type=\"container\" id=\"CITA\">\n\t\t\t\t\t<div class=\"e-con-inner\">\n\t\t\t\t<div class=\"elementor-element elementor-element-c213ba9 elementor-widget elementor-widget-heading\" data-id=\"c213ba9\" data-element_type=\"widget\" data-widget_type=\"heading.default\">\n\t\t\t\t<div class=\"elementor-widget-container\">\n\t\t\t\t\t<h2 class=\"elementor-heading-title elementor-size-default\">SOL\u00b7LICITAR UNA CITA<\/h2>\t\t\t\t<\/div>\n\t\t\t\t<\/div>\n\t\t\t\t<div class=\"elementor-element elementor-element-61086c6 elementor-widget elementor-widget-wpforms\" data-id=\"61086c6\" data-element_type=\"widget\" data-widget_type=\"wpforms.default\">\n\t\t\t\t<div class=\"elementor-widget-container\">\n\t\t\t\t\t<div class=\"wpforms-container\" id=\"wpforms-1872\"><form id=\"wpforms-form-1872\" class=\"wpforms-validate wpforms-form wpforms-ajax-form\" data-formid=\"1872\" method=\"post\" enctype=\"multipart\/form-data\" action=\"\/ca\/wp-json\/wp\/v2\/pages\/1855\" data-token=\"1be276d03403b1b0f8615dcde76e8446\" data-token-time=\"1775302901\" data-trp-original-action=\"\/ca\/wp-json\/wp\/v2\/pages\/1855\"><noscript class=\"wpforms-error-noscript\">Activeu el JavaScript al navegador per a poder completar el formulari.<\/noscript><div class=\"wpforms-field-container\"><div id=\"wpforms-1872-field_0-container\" class=\"wpforms-field wpforms-field-name\" data-field-id=\"0\"><label class=\"wpforms-field-label\" for=\"wpforms-1872-field_0\">Nom <span class=\"wpforms-required-label\">*<\/span><\/label><input type=\"text\" id=\"wpforms-1872-field_0\" class=\"wpforms-field-medium wpforms-field-required\" name=\"wpforms[fields][0]\" required><\/div><div id=\"wpforms-1872-field_1-container\" class=\"wpforms-field wpforms-field-email\" data-field-id=\"1\"><label class=\"wpforms-field-label\" for=\"wpforms-1872-field_1\">E-mail <span class=\"wpforms-required-label\">*<\/span><\/label><input type=\"email\" id=\"wpforms-1872-field_1\" class=\"wpforms-field-medium wpforms-field-required\" name=\"wpforms[fields][1]\" spellcheck=\"false\" required><\/div><div id=\"wpforms-1872-field_2-container\" class=\"wpforms-field wpforms-field-textarea\" data-field-id=\"2\"><label class=\"wpforms-field-label\" for=\"wpforms-1872-field_2\">Un comentari o missatge<\/label><textarea id=\"wpforms-1872-field_2\" class=\"wpforms-field-medium\" name=\"wpforms[fields][2]\" ><\/textarea><\/div><\/div><!-- .wpforms-field-container --><div class=\"wpforms-submit-container\" ><input type=\"hidden\" name=\"wpforms[id]\" value=\"1872\"><input type=\"hidden\" name=\"page_title\" value=\"\"><input type=\"hidden\" name=\"page_url\" value=\"https:\/\/centromedicomontgat.com\/ca\/wp-json\/wp\/v2\/pages\/1855\"><input type=\"hidden\" name=\"url_referer\" value=\"\"><button type=\"submit\" name=\"wpforms[submit]\" id=\"wpforms-submit-1872\" class=\"wpforms-submit\" data-alt-text=\"Enviando...\" data-submit-text=\"Enviar\" aria-live=\"assertive\" value=\"wpforms-submit\">Enviar<\/button><img decoding=\"async\" src=\"https:\/\/centromedicomontgat.com\/wp-content\/plugins\/wpforms-lite\/assets\/images\/submit-spin.svg\" class=\"wpforms-submit-spinner\" style=\"display: none;\" width=\"26\" height=\"26\" alt=\"S&#039;est\u00e0 carregant\"><\/div><input type=\"hidden\" name=\"trp-form-language\" value=\"ca\"\/><\/form><\/div>  <!-- .wpforms-container -->\t\t\t\t<\/div>\n\t\t\t\t<\/div>\n\t\t\t\t\t<\/div>\n\t\t\t\t<\/div>\n\t\t\t\t<\/div>","protected":false},"excerpt":{"rendered":"<p>Centro M\u00e9dico en Montgat Cuidamos de tu salud de manera integral con diagn\u00f3sticos y tratamientos completos y personalizados para alcanzar la mejor versi\u00f3n de ti mismo. Nuestro objetivo Es ofrecer una atenci\u00f3n integral de la salud, centrada en tus necesidades individuales y dise\u00f1ada para acercarte a tu m\u00e1ximo potencial de bienestar. \u00a0 Nuestra filosof\u00eda Se [&hellip;]<\/p>","protected":false},"author":1,"featured_media":0,"parent":0,"menu_order":0,"comment_status":"closed","ping_status":"closed","template":"elementor_header_footer","meta":{"site-sidebar-layout":"default","site-content-layout":"","ast-site-content-layout":"default","site-content-style":"default","site-sidebar-style":"default","ast-global-header-display":"","ast-banner-title-visibility":"","ast-main-header-display":"","ast-hfb-above-header-display":"","ast-hfb-below-header-display":"","ast-hfb-mobile-header-display":"","site-post-title":"","ast-breadcrumbs-content":"","ast-featured-img":"","footer-sml-layout":"","theme-transparent-header-meta":"","adv-header-id-meta":"","stick-header-meta":"","header-above-stick-meta":"","header-main-stick-meta":"","header-below-stick-meta":"","astra-migrate-meta-layouts":"set","ast-page-background-enabled":"default","ast-page-background-meta":{"desktop":{"background-color":"var(--ast-global-color-4)","background-image":"","background-repeat":"repeat","background-position":"center center","background-size":"auto","background-attachment":"scroll","background-type":"","background-media":"","overlay-type":"","overlay-color":"","overlay-gradient":""},"tablet":{"background-color":"","background-image":"","background-repeat":"repeat","background-position":"center center","background-size":"auto","background-attachment":"scroll","background-type":"","background-media":"","overlay-type":"","overlay-color":"","overlay-gradient":""},"mobile":{"background-color":"","background-image":"","background-repeat":"repeat","background-position":"center center","background-size":"auto","background-attachment":"scroll","background-type":"","background-media":"","overlay-type":"","overlay-color":"","overlay-gradient":""}},"ast-content-background-meta":{"desktop":{"background-color":"var(--ast-global-color-5)","background-image":"","background-repeat":"repeat","background-position":"center center","background-size":"auto","background-attachment":"scroll","background-type":"","background-media":"","overlay-type":"","overlay-color":"","overlay-gradient":""},"tablet":{"background-color":"var(--ast-global-color-5)","background-image":"","background-repeat":"repeat","background-position":"center center","background-size":"auto","background-attachment":"scroll","background-type":"","background-media":"","overlay-type":"","overlay-color":"","overlay-gradient":""},"mobile":{"background-color":"var(--ast-global-color-5)","background-image":"","background-repeat":"repeat","background-position":"center center","background-size":"auto","background-attachment":"scroll","background-type":"","background-media":"","overlay-type":"","overlay-color":"","overlay-gradient":""}},"footnotes":""},"yoast_head":"<!-- This site is optimized with the Yoast SEO plugin v22.7 - https:\/\/yoast.com\/wordpress\/plugins\/seo\/ -->\n<title>Versi\u00f3 | Centro m\u00e9dico en Montgat<\/title>\n<meta name=\"description\" content=\"Cuidamos de tu salud de manera integral con diagn\u00f3sticos y tratamientos completos y personalizados para alcanzar la mejor versi\u00f3n de ti mismo.\" \/>\n<meta name=\"robots\" content=\"index, follow, max-snippet:-1, max-image-preview:large, max-video-preview:-1\" \/>\n<link rel=\"canonical\" href=\"https:\/\/centromedicomontgat.com\/ca\/\" \/>\n<meta property=\"og:locale\" content=\"ca_ES\" \/>\n<meta property=\"og:type\" content=\"article\" \/>\n<meta property=\"og:title\" content=\"Versi\u00f3 | Centro m\u00e9dico en Montgat\" \/>\n<meta property=\"og:description\" content=\"Cuidamos de tu salud de manera integral con diagn\u00f3sticos y tratamientos completos y personalizados para alcanzar la mejor versi\u00f3n de ti mismo.\" \/>\n<meta property=\"og:url\" content=\"https:\/\/centromedicomontgat.com\/ca\/\" \/>\n<meta property=\"og:site_name\" content=\"Versi\u00f3\" \/>\n<meta property=\"article:modified_time\" content=\"2024-05-24T09:11:48+00:00\" \/>\n<meta property=\"og:image\" content=\"https:\/\/centromedicomontgat.com\/wp-content\/uploads\/2024\/05\/a0c0d6d2-46ee-415b-85a1-bf7fb0160b86-768x1024.jpg\" \/>\n<meta name=\"twitter:card\" content=\"summary_large_image\" \/>\n<meta name=\"twitter:label1\" content=\"Temps estimat de lectura\" \/>\n\t<meta name=\"twitter:data1\" content=\"2 minuts\" \/>\n<script type=\"application\/ld+json\" class=\"yoast-schema-graph\">{\"@context\":\"https:\/\/schema.org\",\"@graph\":[{\"@type\":\"WebPage\",\"@id\":\"https:\/\/centromedicomontgat.com\/\",\"url\":\"https:\/\/centromedicomontgat.com\/\",\"name\":\"Versi\u00f3 | Centro m\u00e9dico en Montgat\",\"isPartOf\":{\"@id\":\"https:\/\/centromedicomontgat.com\/#website\"},\"primaryImageOfPage\":{\"@id\":\"https:\/\/centromedicomontgat.com\/#primaryimage\"},\"image\":{\"@id\":\"https:\/\/centromedicomontgat.com\/#primaryimage\"},\"thumbnailUrl\":\"https:\/\/centromedicomontgat.com\/wp-content\/uploads\/2024\/05\/a0c0d6d2-46ee-415b-85a1-bf7fb0160b86-768x1024.jpg\",\"datePublished\":\"2024-04-23T16:47:57+00:00\",\"dateModified\":\"2024-05-24T09:11:48+00:00\",\"description\":\"Cuidamos de tu salud de manera integral con diagn\u00f3sticos y tratamientos completos y personalizados para alcanzar la mejor versi\u00f3n de ti mismo.\",\"breadcrumb\":{\"@id\":\"https:\/\/centromedicomontgat.com\/#breadcrumb\"},\"inLanguage\":\"ca\",\"potentialAction\":[{\"@type\":\"ReadAction\",\"target\":[\"https:\/\/centromedicomontgat.com\/\"]}]},{\"@type\":\"ImageObject\",\"inLanguage\":\"ca\",\"@id\":\"https:\/\/centromedicomontgat.com\/#primaryimage\",\"url\":\"https:\/\/centromedicomontgat.com\/wp-content\/uploads\/2024\/05\/a0c0d6d2-46ee-415b-85a1-bf7fb0160b86-768x1024.jpg\",\"contentUrl\":\"https:\/\/centromedicomontgat.com\/wp-content\/uploads\/2024\/05\/a0c0d6d2-46ee-415b-85a1-bf7fb0160b86-768x1024.jpg\"},{\"@type\":\"BreadcrumbList\",\"@id\":\"https:\/\/centromedicomontgat.com\/#breadcrumb\",\"itemListElement\":[{\"@type\":\"ListItem\",\"position\":1,\"name\":\"Portada\",\"item\":\"https:\/\/centromedicomontgat.com\/\"},{\"@type\":\"ListItem\",\"position\":2,\"name\":\"Inicio\"}]},{\"@type\":\"WebSite\",\"@id\":\"https:\/\/centromedicomontgat.com\/#website\",\"url\":\"https:\/\/centromedicomontgat.com\/\",\"name\":\"Versi\u00f3\",\"description\":\"Centro m\u00e9dico en Montgat\",\"publisher\":{\"@id\":\"https:\/\/centromedicomontgat.com\/#organization\"},\"potentialAction\":[{\"@type\":\"SearchAction\",\"target\":{\"@type\":\"EntryPoint\",\"urlTemplate\":\"https:\/\/centromedicomontgat.com\/?s={search_term_string}\"},\"query-input\":\"required name=search_term_string\"}],\"inLanguage\":\"ca\"},{\"@type\":\"Organization\",\"@id\":\"https:\/\/centromedicomontgat.com\/#organization\",\"name\":\"Versi\u00f3\",\"url\":\"https:\/\/centromedicomontgat.com\/\",\"logo\":{\"@type\":\"ImageObject\",\"inLanguage\":\"ca\",\"@id\":\"https:\/\/centromedicomontgat.com\/#\/schema\/logo\/image\/\",\"url\":\"https:\/\/centromedicomontgat.com\/wp-content\/uploads\/2024\/05\/VERSIO_LogoWEB_2.png\",\"contentUrl\":\"https:\/\/centromedicomontgat.com\/wp-content\/uploads\/2024\/05\/VERSIO_LogoWEB_2.png\",\"width\":702,\"height\":212,\"caption\":\"Versi\u00f3\"},\"image\":{\"@id\":\"https:\/\/centromedicomontgat.com\/#\/schema\/logo\/image\/\"},\"sameAs\":[\"https:\/\/www.instagram.com\/centromedicomontgat\/\"]}]}<\/script>\n<!-- \/ Yoast SEO plugin. -->","yoast_head_json":{"title":"Versi\u00f3 | Centro m\u00e9dico en Montgat","description":"Hem de tenir cura de la seva salut de manera integral amb els diagn\u00f2stics i els tractaments s\u00f3n complet i personalitzat per aconseguir la millor versi\u00f3 de tu mateix.","robots":{"index":"index","follow":"follow","max-snippet":"max-snippet:-1","max-image-preview":"max-image-preview:large","max-video-preview":"max-video-preview:-1"},"canonical":"https:\/\/centromedicomontgat.com\/ca\/","og_locale":"ca_ES","og_type":"article","og_title":"Versi\u00f3 | Centro m\u00e9dico en Montgat","og_description":"Cuidamos de tu salud de manera integral con diagn\u00f3sticos y tratamientos completos y personalizados para alcanzar la mejor versi\u00f3n de ti mismo.","og_url":"https:\/\/centromedicomontgat.com\/ca\/","og_site_name":"Versi\u00f3","article_modified_time":"2024-05-24T09:11:48+00:00","og_image":[{"url":"https:\/\/centromedicomontgat.com\/wp-content\/uploads\/2024\/05\/a0c0d6d2-46ee-415b-85a1-bf7fb0160b86-768x1024.jpg"}],"twitter_card":"summary_large_image","twitter_misc":{"Temps estimat de lectura":"2 minuts"},"schema":{"@context":"https:\/\/schema.org","@graph":[{"@type":"WebPage","@id":"https:\/\/centromedicomontgat.com\/","url":"https:\/\/centromedicomontgat.com\/","name":"Versi\u00f3 | Centro m\u00e9dico en Montgat","isPartOf":{"@id":"https:\/\/centromedicomontgat.com\/#website"},"primaryImageOfPage":{"@id":"https:\/\/centromedicomontgat.com\/#primaryimage"},"image":{"@id":"https:\/\/centromedicomontgat.com\/#primaryimage"},"thumbnailUrl":"https:\/\/centromedicomontgat.com\/wp-content\/uploads\/2024\/05\/a0c0d6d2-46ee-415b-85a1-bf7fb0160b86-768x1024.jpg","datePublished":"2024-04-23T16:47:57+00:00","dateModified":"2024-05-24T09:11:48+00:00","description":"Hem de tenir cura de la seva salut de manera integral amb els diagn\u00f2stics i els tractaments s\u00f3n complet i personalitzat per aconseguir la millor versi\u00f3 de tu mateix.","breadcrumb":{"@id":"https:\/\/centromedicomontgat.com\/#breadcrumb"},"inLanguage":"ca","potentialAction":[{"@type":"ReadAction","target":["https:\/\/centromedicomontgat.com\/"]}]},{"@type":"ImageObject","inLanguage":"ca","@id":"https:\/\/centromedicomontgat.com\/#primaryimage","url":"https:\/\/centromedicomontgat.com\/wp-content\/uploads\/2024\/05\/a0c0d6d2-46ee-415b-85a1-bf7fb0160b86-768x1024.jpg","contentUrl":"https:\/\/centromedicomontgat.com\/wp-content\/uploads\/2024\/05\/a0c0d6d2-46ee-415b-85a1-bf7fb0160b86-768x1024.jpg"},{"@type":"BreadcrumbList","@id":"https:\/\/centromedicomontgat.com\/#breadcrumb","itemListElement":[{"@type":"ListItem","position":1,"name":"Portada","item":"https:\/\/centromedicomontgat.com\/"},{"@type":"ListItem","position":2,"name":"Inicio"}]},{"@type":"WebSite","@id":"https:\/\/centromedicomontgat.com\/#website","url":"https:\/\/centromedicomontgat.com\/","name":"Versi\u00f3","description":"Centro m\u00e9dico en Montgat","publisher":{"@id":"https:\/\/centromedicomontgat.com\/#organization"},"potentialAction":[{"@type":"SearchAction","target":{"@type":"EntryPoint","urlTemplate":"https:\/\/centromedicomontgat.com\/?s={search_term_string}"},"query-input":"required name=search_term_string"}],"inLanguage":"ca"},{"@type":"Organization","@id":"https:\/\/centromedicomontgat.com\/#organization","name":"Versi\u00f3","url":"https:\/\/centromedicomontgat.com\/","logo":{"@type":"ImageObject","inLanguage":"ca","@id":"https:\/\/centromedicomontgat.com\/#\/schema\/logo\/image\/","url":"https:\/\/centromedicomontgat.com\/wp-content\/uploads\/2024\/05\/VERSIO_LogoWEB_2.png","contentUrl":"https:\/\/centromedicomontgat.com\/wp-content\/uploads\/2024\/05\/VERSIO_LogoWEB_2.png","width":702,"height":212,"caption":"Versi\u00f3"},"image":{"@id":"https:\/\/centromedicomontgat.com\/#\/schema\/logo\/image\/"},"sameAs":["https:\/\/www.instagram.com\/centromedicomontgat\/"]}]}},"_links":{"self":[{"href":"https:\/\/centromedicomontgat.com\/ca\/wp-json\/wp\/v2\/pages\/1855"}],"collection":[{"href":"https:\/\/centromedicomontgat.com\/ca\/wp-json\/wp\/v2\/pages"}],"about":[{"href":"https:\/\/centromedicomontgat.com\/ca\/wp-json\/wp\/v2\/types\/page"}],"author":[{"embeddable":true,"href":"https:\/\/centromedicomontgat.com\/ca\/wp-json\/wp\/v2\/users\/1"}],"replies":[{"embeddable":true,"href":"https:\/\/centromedicomontgat.com\/ca\/wp-json\/wp\/v2\/comments?post=1855"}],"version-history":[{"count":74,"href":"https:\/\/centromedicomontgat.com\/ca\/wp-json\/wp\/v2\/pages\/1855\/revisions"}],"predecessor-version":[{"id":2241,"href":"https:\/\/centromedicomontgat.com\/ca\/wp-json\/wp\/v2\/pages\/1855\/revisions\/2241"}],"wp:attachment":[{"href":"https:\/\/centromedicomontgat.com\/ca\/wp-json\/wp\/v2\/media?parent=1855"}],"curies":[{"name":"wp","href":"https:\/\/api.w.org\/{rel}","templated":true}]}}